{"id":332062,"date":"2026-04-04T07:42:23","date_gmt":"2026-04-04T04:42:23","guid":{"rendered":"https:\/\/smartstore.lv\/product\/recznik-flores-bezowy-zakardowy-100x150-cm-778667\/"},"modified":"2026-04-12T15:32:37","modified_gmt":"2026-04-12T12:32:37","slug":"recznik-flores-bezowy-zakardowy-100x150-cm-778667","status":"publish","type":"product","link":"https:\/\/smartstore.lv\/ru\/\u043f\u0440\u043e\u0434\u0443\u043a\u0442\/recznik-flores-bezowy-zakardowy-100x150-cm-778667\/","title":{"rendered":"R\u0119cznik | FLORES | be\u017cowy \u017cakardowy | 100&#215;150 cm | 778667"},"content":{"rendered":"<ul>\n<li>\u0425\u043b\u043e\u043f\u043a\u043e\u0432\u0430\u044f \u0442\u043a\u0430\u043d\u044c \u0441 \u0432\u044b\u0441\u043e\u043a\u0438\u043c \u0432\u0435\u0441\u043e\u043c 500 \u0433\/\u043c\u00b2 \u043e\u0431\u0435\u0441\u043f\u0435\u0447\u0438\u0432\u0430\u0435\u0442 \u0438\u0441\u043a\u043b\u044e\u0447\u0438\u0442\u0435\u043b\u044c\u043d\u0443\u044e \u043c\u044f\u0433\u043a\u043e\u0441\u0442\u044c \u0438 \u043e\u0442\u043b\u0438\u0447\u043d\u0443\u044e \u0432\u043f\u0438\u0442\u044b\u0432\u0430\u0435\u043c\u043e\u0441\u0442\u044c.<\/li>\n<li>\u0416\u0430\u043a\u043a\u0430\u0440\u0434\u043e\u0432\u044b\u0439 \u0443\u0437\u043e\u0440 \u043f\u0440\u0438\u0434\u0430\u0435\u0442 \u044d\u043b\u0435\u0433\u0430\u043d\u0442\u043d\u044b\u0439 \u0432\u0438\u0434 \u0438 \u0442\u043e\u043d\u043a\u0438\u0439 \u0434\u0435\u043a\u043e\u0440\u0430\u0442\u0438\u0432\u043d\u044b\u0439 \u0448\u0442\u0440\u0438\u0445<\/li>\n<li>\u0411\u043e\u043b\u044c\u0448\u043e\u0439 \u0440\u0430\u0437\u043c\u0435\u0440 100&#215;150 \u0441\u043c \u0438\u0434\u0435\u0430\u043b\u044c\u043d\u043e \u043f\u043e\u0434\u0445\u043e\u0434\u0438\u0442 \u0432 \u043a\u0430\u0447\u0435\u0441\u0442\u0432\u0435 \u0431\u0430\u043d\u043d\u043e\u0433\u043e \u043f\u043e\u043b\u043e\u0442\u0435\u043d\u0446\u0430<\/li>\n<li>\u0411\u0435\u0436\u0435\u0432\u044b\u0439 \u0446\u0432\u0435\u0442 \u043b\u0435\u0433\u043a\u043e \u0441\u043e\u0447\u0435\u0442\u0430\u0435\u0442\u0441\u044f \u0441 \u0440\u0430\u0437\u043b\u0438\u0447\u043d\u044b\u043c\u0438 \u0432\u0430\u0440\u0438\u0430\u043d\u0442\u0430\u043c\u0438 \u043e\u0444\u043e\u0440\u043c\u043b\u0435\u043d\u0438\u044f \u0432\u0430\u043d\u043d\u043e\u0439 \u043a\u043e\u043c\u043d\u0430\u0442\u044b<\/li>\n<\/ul>\n<h2>\u0411\u0435\u0436\u0435\u0432\u043e\u0435 \u0436\u0430\u043a\u043a\u0430\u0440\u0434\u043e\u0432\u043e\u0435 \u043f\u043e\u043b\u043e\u0442\u0435\u043d\u0446\u0435 FLORES 100&#215;150 \u0441\u043c<\/h2>\n<p><strong>\u041f\u043e\u043b\u043e\u0442\u0435\u043d\u0446\u0435 FLORES<\/strong> \u0431\u043e\u043b\u044c\u0448\u043e\u0433\u043e \u0440\u0430\u0437\u043c\u0435\u0440\u0430 100&#215;150 \u0441\u043c \u043e\u043a\u0443\u0442\u0430\u0435\u0442 \u0432\u0430\u0441 \u043c\u044f\u0433\u043a\u043e\u0441\u0442\u044c\u044e \u0441\u0440\u0430\u0437\u0443 \u043f\u043e\u0441\u043b\u0435 \u043a\u0443\u043f\u0430\u043d\u0438\u044f, \u0434\u0430\u0440\u044f \u043f\u0440\u0438\u044f\u0442\u043d\u043e\u0435 \u043e\u0449\u0443\u0449\u0435\u043d\u0438\u0435 \u0442\u0435\u043f\u043b\u0430 \u0438 \u0440\u0430\u0441\u0441\u043b\u0430\u0431\u043b\u0435\u043d\u0438\u044f. \u041d\u0435\u0436\u043d\u044b\u0439 \u0436\u0430\u043a\u043a\u0430\u0440\u0434\u043e\u0432\u044b\u0439 \u0443\u0437\u043e\u0440 \u0434\u043e\u0431\u0430\u0432\u043b\u044f\u0435\u0442 \u0435\u043c\u0443 \u044d\u043b\u0435\u0433\u0430\u043d\u0442\u043d\u043e\u0441\u0442\u0438, \u0434\u0435\u043b\u0430\u044f \u0435\u0433\u043e \u043d\u0435 \u0442\u043e\u043b\u044c\u043a\u043e \u043f\u0440\u0430\u043a\u0442\u0438\u0447\u043d\u043e\u0439 \u0432\u0435\u0449\u044c\u044e, \u043d\u043e \u0438 \u0441\u0442\u0438\u043b\u044c\u043d\u044b\u043c \u0434\u043e\u043f\u043e\u043b\u043d\u0435\u043d\u0438\u0435\u043c \u0432\u0430\u0448\u0435\u0439 \u0432\u0430\u043d\u043d\u043e\u0439 \u043a\u043e\u043c\u043d\u0430\u0442\u044b.<\/p>\n<h2>\u0414\u043b\u044f \u0447\u0435\u0433\u043e \u043f\u043e\u0434\u043e\u0439\u0434\u0435\u0442 \u043f\u043e\u043b\u043e\u0442\u0435\u043d\u0446\u0435 FLORES?<\/h2>\n<p><strong>\u041f\u043e\u043b\u043e\u0442\u0435\u043d\u0446\u0435 FLORES<\/strong> \u0438\u0434\u0435\u0430\u043b\u044c\u043d\u043e \u043f\u043e\u0434\u0445\u043e\u0434\u0438\u0442 \u0434\u043b\u044f \u043f\u0440\u0438\u043d\u044f\u0442\u0438\u044f \u0432\u0430\u043d\u043d\u044b \u0438\u043b\u0438 \u0434\u0443\u0448\u0430, \u0442\u0430\u043a \u043a\u0430\u043a \u0435\u0433\u043e \u0431\u043e\u043b\u044c\u0448\u043e\u0439 \u0440\u0430\u0437\u043c\u0435\u0440 \u043f\u043e\u0437\u0432\u043e\u043b\u044f\u0435\u0442 \u0443\u0434\u043e\u0431\u043d\u043e \u043e\u0431\u0435\u0440\u043d\u0443\u0442\u044c \u0432\u0441\u0435 \u0442\u0435\u043b\u043e. \u0412\u044b \u0442\u0430\u043a\u0436\u0435 \u043c\u043e\u0436\u0435\u0442\u0435 \u0432\u0437\u044f\u0442\u044c \u0435\u0433\u043e \u0441 \u0441\u043e\u0431\u043e\u0439 \u0432 \u0431\u0430\u0441\u0441\u0435\u0439\u043d \u0438\u043b\u0438 \u0441\u043f\u0430, \u0433\u0434\u0435 \u043e\u043d\u043e \u043e\u0431\u0435\u0441\u043f\u0435\u0447\u0438\u0442 \u043a\u043e\u043c\u0444\u043e\u0440\u0442 \u0438 \u0445\u043e\u0440\u043e\u0448\u0443\u044e \u0432\u043f\u0438\u0442\u044b\u0432\u0430\u0435\u043c\u043e\u0441\u0442\u044c. \u041e\u043d\u043e \u0442\u0430\u043a\u0436\u0435 \u0438\u0434\u0435\u0430\u043b\u044c\u043d\u043e \u043f\u043e\u0434\u0445\u043e\u0434\u0438\u0442 \u0434\u043b\u044f \u043f\u043b\u044f\u0436\u0430.<\/p>\n<h2>\u041f\u043e\u0447\u0435\u043c\u0443 \u0441\u0442\u043e\u0438\u0442 \u0432\u044b\u0431\u0440\u0430\u0442\u044c \u043f\u043e\u043b\u043e\u0442\u0435\u043d\u0446\u0435 FLORES?<\/h2>\n<ul>\n<li><strong>\u0412\u044b\u0441\u043e\u043a\u043e\u0435 \u043a\u0430\u0447\u0435\u0441\u0442\u0432\u043e<\/strong> &#8212; \u043f\u043b\u043e\u0442\u043d\u044b\u0439 \u0445\u043b\u043e\u043f\u043e\u043a \u043e\u0431\u0435\u0441\u043f\u0435\u0447\u0438\u0432\u0430\u0435\u0442 \u0434\u043e\u043b\u0433\u043e\u0432\u0435\u0447\u043d\u043e\u0441\u0442\u044c \u0438 \u043a\u043e\u043c\u0444\u043e\u0440\u0442<\/li>\n<li><strong>\u041c\u044f\u0433\u043a\u043e\u0441\u0442\u044c \u0438 \u0432\u043f\u0438\u0442\u044b\u0432\u0430\u0435\u043c\u043e\u0441\u0442\u044c<\/strong> &#8212; \u0438\u0434\u0435\u0430\u043b\u044c\u043d\u043e \u043f\u043e\u0441\u043b\u0435 \u043a\u0430\u0436\u0434\u043e\u0433\u043e \u043a\u0443\u043f\u0430\u043d\u0438\u044f<\/li>\n<li><strong>\u042d\u043b\u0435\u0433\u0430\u043d\u0442\u043d\u044b\u0439 \u0432\u043d\u0435\u0448\u043d\u0438\u0439 \u0432\u0438\u0434<\/strong> &#8212; \u0436\u0430\u043a\u043a\u0430\u0440\u0434\u043e\u0432\u044b\u0439 \u0443\u0437\u043e\u0440 \u043f\u0440\u0438\u0434\u0430\u0435\u0442 \u0441\u0442\u0438\u043b\u044c\u043d\u044b\u0439 \u0432\u0438\u0434<\/li>\n<li><strong>\u0423\u043d\u0438\u0432\u0435\u0440\u0441\u0430\u043b\u044c\u043d\u044b\u0439 \u0446\u0432\u0435\u0442<\/strong> &#8212; \u043f\u043e\u0434\u0445\u043e\u0434\u0438\u0442 \u0434\u043b\u044f \u0440\u0430\u0437\u043b\u0438\u0447\u043d\u044b\u0445 \u0438\u043d\u0442\u0435\u0440\u044c\u0435\u0440\u043e\u0432<\/li>\n<\/ul>\n<h2>\u041c\u0430\u0442\u0435\u0440\u0438\u0430\u043b<\/h2>\n<p><strong>\u0411\u0435\u0436\u0435\u0432\u043e\u0435 \u0436\u0430\u043a\u043a\u0430\u0440\u0434\u043e\u0432\u043e\u0435 \u043f\u043e\u043b\u043e\u0442\u0435\u043d\u0446\u0435 FLORES \u0440\u0430\u0437\u043c\u0435\u0440\u043e\u043c 100\u0445150 \u0441\u043c<\/strong> \u0438\u0437\u0433\u043e\u0442\u043e\u0432\u043b\u0435\u043d\u043e \u0438\u0437 \u0432\u044b\u0441\u043e\u043a\u043e\u043a\u0430\u0447\u0435\u0441\u0442\u0432\u0435\u043d\u043d\u043e\u0433\u043e \u0445\u043b\u043e\u043f\u043a\u0430 \u043f\u043b\u043e\u0442\u043d\u043e\u0441\u0442\u044c\u044e 500 \u0433\/\u043c\u00b2, \u043a\u043e\u0442\u043e\u0440\u044b\u0439 \u044d\u0444\u0444\u0435\u043a\u0442\u0438\u0432\u043d\u043e \u0432\u043f\u0438\u0442\u044b\u0432\u0430\u0435\u0442 \u0432\u043b\u0430\u0433\u0443 \u0438 \u043e\u0441\u0442\u0430\u0435\u0442\u0441\u044f \u043f\u0440\u0438\u044f\u0442\u043d\u044b\u043c \u043d\u0430 \u043e\u0449\u0443\u043f\u044c \u0434\u0430\u0436\u0435 \u043f\u0440\u0438 \u0447\u0430\u0441\u0442\u043e\u043c \u0438\u0441\u043f\u043e\u043b\u044c\u0437\u043e\u0432\u0430\u043d\u0438\u0438.<\/p>\n<h2>\u0420\u0435\u043a\u043e\u043c\u0435\u043d\u0434\u0430\u0446\u0438\u0438 \u043f\u043e \u0443\u0445\u043e\u0434\u0443<\/h2>\n<p>\u0421\u0442\u0438\u0440\u0430\u0442\u044c \u043f\u0440\u0438 \u0442\u0435\u043c\u043f\u0435\u0440\u0430\u0442\u0443\u0440\u0435 \u043d\u0435 \u0432\u044b\u0448\u0435 40\u00b0C. \u0413\u043b\u0430\u0434\u0438\u0442\u044c \u043f\u0440\u0438 \u0442\u0435\u043c\u043f\u0435\u0440\u0430\u0442\u0443\u0440\u0435 \u0434\u043e 150\u00b0C. \u0421\u0443\u0448\u0438\u0442\u044c \u0432 \u0431\u0430\u0440\u0430\u0431\u0430\u043d\u043d\u043e\u0439 \u0441\u0443\u0448\u0438\u043b\u043a\u0435 \u043f\u0440\u0438 \u043d\u0438\u0437\u043a\u043e\u0439 \u0442\u0435\u043c\u043f\u0435\u0440\u0430\u0442\u0443\u0440\u0435.<\/p>\n<p>&#8212;<\/p>\n","protected":false},"excerpt":{"rendered":"<p>\u0425\u043b\u043e\u043f\u043a\u043e\u0432\u0430\u044f \u0442\u043a\u0430\u043d\u044c \u0441 \u0432\u044b\u0441\u043e\u043a\u0438\u043c \u0432\u0435\u0441\u043e\u043c 500 \u0433\/\u043c\u00b2 \u043e\u0431\u0435\u0441\u043f\u0435\u0447\u0438\u0432\u0430\u0435\u0442 \u0438\u0441\u043a\u043b\u044e\u0447\u0438\u0442\u0435\u043b\u044c\u043d\u0443\u044e \u043c\u044f\u0433\u043a\u043e\u0441\u0442\u044c \u0438 \u043e\u0442\u043b\u0438\u0447\u043d\u0443\u044e \u0432\u043f\u0438\u0442\u044b\u0432\u0430\u0435\u043c\u043e\u0441\u0442\u044c. \u0416\u0430\u043a\u043a\u0430\u0440\u0434\u043e\u0432\u044b\u0439 \u0443\u0437\u043e\u0440 \u043f\u0440\u0438\u0434\u0430\u0435\u0442 \u044d\u043b\u0435\u0433\u0430\u043d\u0442\u043d\u044b\u0439 \u0432\u0438\u0434 \u0438 \u0442\u043e\u043d\u043a\u0438\u0439 \u0434\u0435\u043a\u043e\u0440\u0430\u0442\u0438\u0432\u043d\u044b\u0439 \u0448\u0442\u0440\u0438\u0445 \u0411\u043e\u043b\u044c\u0448\u043e\u0439 \u0440\u0430\u0437\u043c\u0435\u0440 100&#215;150 \u0441\u043c \u0438\u0434\u0435\u0430\u043b\u044c\u043d\u043e \u043f\u043e\u0434\u0445\u043e\u0434\u0438\u0442 \u0432 \u043a\u0430\u0447\u0435\u0441\u0442\u0432\u0435 \u0431\u0430\u043d\u043d\u043e\u0433\u043e \u043f\u043e\u043b\u043e\u0442\u0435\u043d\u0446\u0430 \u0411\u0435\u0436\u0435\u0432\u044b\u0439 \u0446\u0432\u0435\u0442 \u043b\u0435\u0433\u043a\u043e \u0441\u043e\u0447\u0435\u0442\u0430\u0435\u0442\u0441\u044f \u0441 \u0440\u0430\u0437\u043b\u0438\u0447\u043d\u044b\u043c\u0438 \u0432\u0430\u0440\u0438\u0430\u043d\u0442\u0430\u043c\u0438 \u043e\u0444\u043e\u0440\u043c\u043b\u0435\u043d\u0438\u044f \u0432\u0430\u043d\u043d\u043e\u0439 \u043a\u043e\u043c\u043d\u0430\u0442\u044b \u0411\u0435\u0436\u0435\u0432\u043e\u0435 \u0436\u0430\u043a\u043a\u0430\u0440\u0434\u043e\u0432\u043e\u0435 \u043f\u043e\u043b\u043e\u0442\u0435\u043d\u0446\u0435 FLORES 100&#215;150 \u0441\u043c \u041f\u043e\u043b\u043e\u0442\u0435\u043d\u0446\u0435 FLORES \u0431\u043e\u043b\u044c\u0448\u043e\u0433\u043e \u0440\u0430\u0437\u043c\u0435\u0440\u0430 100&#215;150 \u0441\u043c \u043e\u043a\u0443\u0442\u0430\u0435\u0442&#8230;<\/p>\n","protected":false},"featured_media":332050,"comment_status":"closed","ping_status":"open","template":"","meta":{"_kad_blocks_custom_css":"","_kad_blocks_head_custom_js":"","_kad_blocks_body_custom_js":"","_kad_blocks_footer_custom_js":"","_kadence_starter_templates_imported_post":false,"_kad_post_transparent":"","_kad_post_title":"","_kad_post_layout":"","_kad_post_sidebar_id":"","_kad_post_content_style":"","_kad_post_vertical_padding":"","_kad_post_feature":"","_kad_post_feature_position":"","_kad_post_header":false,"_kad_post_footer":false,"_kad_post_classname":""},"product_brand":[],"product_cat":[950,516,590],"product_tag":[],"class_list":{"0":"post-332062","1":"product","2":"type-product","3":"status-publish","4":"has-post-thumbnail","6":"product_cat-950","7":"product_cat-majsaimniecibas-preces","8":"product_cat-590","10":"first","11":"instock","12":"taxable","13":"shipping-taxable","14":"purchasable","15":"product-type-simple","16":"entry","17":"content-bg","18":"loop-entry"},"taxonomy_info":{"product_cat":[{"value":950,"label":"\u0414\u043b\u044f \u0434\u043e\u043c\u0430"},{"value":516,"label":"M\u0101jsaimniec\u012bbas preces"},{"value":590,"label":"\u041c\u0430\u0442\u0440\u0430\u0441\u044b"}]},"featured_image_src_large":["https:\/\/smartstore.lv\/wp-content\/uploads\/2026\/04\/5906496778667_1-1024x1024.jpg",1024,1024,true],"author_info":[],"comment_info":0,"_links":{"self":[{"href":"https:\/\/smartstore.lv\/ru\/wp-json\/wp\/v2\/product\/332062","targetHints":{"allow":["GET"]}}],"collection":[{"href":"https:\/\/smartstore.lv\/ru\/wp-json\/wp\/v2\/product"}],"about":[{"href":"https:\/\/smartstore.lv\/ru\/wp-json\/wp\/v2\/types\/product"}],"replies":[{"embeddable":true,"href":"https:\/\/smartstore.lv\/ru\/wp-json\/wp\/v2\/comments?post=332062"}],"wp:featuredmedia":[{"embeddable":true,"href":"https:\/\/smartstore.lv\/ru\/wp-json\/wp\/v2\/media\/332050"}],"wp:attachment":[{"href":"https:\/\/smartstore.lv\/ru\/wp-json\/wp\/v2\/media?parent=332062"}],"wp:term":[{"taxonomy":"product_brand","embeddable":true,"href":"https:\/\/smartstore.lv\/ru\/wp-json\/wp\/v2\/product_brand?post=332062"},{"taxonomy":"product_cat","embeddable":true,"href":"https:\/\/smartstore.lv\/ru\/wp-json\/wp\/v2\/product_cat?post=332062"},{"taxonomy":"product_tag","embeddable":true,"href":"https:\/\/smartstore.lv\/ru\/wp-json\/wp\/v2\/product_tag?post=332062"}],"curies":[{"name":"wp","href":"https:\/\/api.w.org\/{rel}","templated":true}]}}