{"id":331579,"date":"2026-04-04T07:00:03","date_gmt":"2026-04-04T04:00:03","guid":{"rendered":"https:\/\/smartstore.lv\/product\/posciel-taleia-bawelniana-w-niebieski-wzor-220x200-270x80-cm-768538\/"},"modified":"2026-04-12T14:07:01","modified_gmt":"2026-04-12T11:07:01","slug":"posciel-taleia-bawelniana-w-niebieski-wzor-220x200-270x80-cm-768538","status":"publish","type":"product","link":"https:\/\/smartstore.lv\/ru\/\u043f\u0440\u043e\u0434\u0443\u043a\u0442\/posciel-taleia-bawelniana-w-niebieski-wzor-220x200-270x80-cm-768538\/","title":{"rendered":"Po\u015bciel | TALEIA | bawe\u0142niana w niebieski wz\u00f3r | 220&#215;200 + 2*70&#215;80 cm | 768538"},"content":{"rendered":"<p>\u0425\u043b\u043e\u043f\u043a\u043e\u0432\u043e\u0435 \u043f\u043e\u0441\u0442\u0435\u043b\u044c\u043d\u043e\u0435 \u0431\u0435\u043b\u044c\u0435 TALEIA \u0441 \u0441\u0438\u043d\u0438\u043c \u0440\u0438\u0441\u0443\u043d\u043a\u043e\u043c 220&#215;200 + 2*70&#215;80 \u0441\u043c&#8230;<\/p>\n","protected":false},"excerpt":{"rendered":"<p>\u0425\u043b\u043e\u043f\u043a\u043e\u0432\u043e\u0435 \u043f\u043e\u0441\u0442\u0435\u043b\u044c\u043d\u043e\u0435 \u0431\u0435\u043b\u044c\u0435 TALEIA \u0441 \u0441\u0438\u043d\u0438\u043c \u0440\u0438\u0441\u0443\u043d\u043a\u043e\u043c 220&#215;200 + 2*70&#215;80 \u0441\u043c&#8230;<\/p>\n","protected":false},"featured_media":331561,"comment_status":"closed","ping_status":"open","template":"","meta":{"_kad_blocks_custom_css":"","_kad_blocks_head_custom_js":"","_kad_blocks_body_custom_js":"","_kad_blocks_footer_custom_js":"","_kadence_starter_templates_imported_post":false,"_kad_post_transparent":"","_kad_post_title":"","_kad_post_layout":"","_kad_post_sidebar_id":"","_kad_post_content_style":"","_kad_post_vertical_padding":"","_kad_post_feature":"","_kad_post_feature_position":"","_kad_post_header":false,"_kad_post_footer":false,"_kad_post_classname":""},"product_brand":[],"product_cat":[904,590],"product_tag":[],"class_list":{"0":"post-331579","1":"product","2":"type-product","3":"status-publish","4":"has-post-thumbnail","6":"product_cat-904","7":"product_cat-590","9":"first","10":"instock","11":"taxable","12":"shipping-taxable","13":"purchasable","14":"product-type-simple","15":"entry","16":"content-bg","17":"loop-entry"},"taxonomy_info":{"product_cat":[{"value":904,"label":"\u0421\u043f\u0430\u043b\u044c\u043d\u044f"},{"value":590,"label":"\u041c\u0430\u0442\u0440\u0430\u0441\u044b"}]},"featured_image_src_large":["https:\/\/smartstore.lv\/wp-content\/uploads\/2026\/04\/purein___F494C255-3D92-E53E-8D42-94566775E846-770x1024.jpeg",770,1024,true],"author_info":[],"comment_info":0,"_links":{"self":[{"href":"https:\/\/smartstore.lv\/ru\/wp-json\/wp\/v2\/product\/331579","targetHints":{"allow":["GET"]}}],"collection":[{"href":"https:\/\/smartstore.lv\/ru\/wp-json\/wp\/v2\/product"}],"about":[{"href":"https:\/\/smartstore.lv\/ru\/wp-json\/wp\/v2\/types\/product"}],"replies":[{"embeddable":true,"href":"https:\/\/smartstore.lv\/ru\/wp-json\/wp\/v2\/comments?post=331579"}],"wp:featuredmedia":[{"embeddable":true,"href":"https:\/\/smartstore.lv\/ru\/wp-json\/wp\/v2\/media\/331561"}],"wp:attachment":[{"href":"https:\/\/smartstore.lv\/ru\/wp-json\/wp\/v2\/media?parent=331579"}],"wp:term":[{"taxonomy":"product_brand","embeddable":true,"href":"https:\/\/smartstore.lv\/ru\/wp-json\/wp\/v2\/product_brand?post=331579"},{"taxonomy":"product_cat","embeddable":true,"href":"https:\/\/smartstore.lv\/ru\/wp-json\/wp\/v2\/product_cat?post=331579"},{"taxonomy":"product_tag","embeddable":true,"href":"https:\/\/smartstore.lv\/ru\/wp-json\/wp\/v2\/product_tag?post=331579"}],"curies":[{"name":"wp","href":"https:\/\/api.w.org\/{rel}","templated":true}]}}