{"id":267322,"date":"2026-03-17T11:16:37","date_gmt":"2026-03-17T08:16:37","guid":{"rendered":"https:\/\/smartstore.lv\/?post_type=product&#038;p=267322"},"modified":"2026-03-17T11:17:22","modified_gmt":"2026-03-17T08:17:22","slug":"spilvens-iekarinamajam-supulkreslam-melns","status":"publish","type":"product","link":"https:\/\/smartstore.lv\/ru\/\u043f\u0440\u043e\u0434\u0443\u043a\u0442\/spilvens-iekarinamajam-supulkreslam-melns\/","title":{"rendered":"Spilvens iekarin\u0101majam \u0161\u016bpu\u013ckr\u0113slam Melns"},"content":{"rendered":"<p data-start=\"0\" data-end=\"289\">Lielais, m\u012bkstais spilvens \u0161\u016bpu\u013ckr\u0113slam ir ide\u0101ls papildin\u0101jums j\u016bsu \u0161\u016bpol\u0113m. Spilvens nodro\u0161ina maksim\u0101lu komfortu. Turkl\u0101t pagarin\u0101jumi aug\u0161stilbiem un galvai nov\u0113r\u0161 diskomfortu, ko rada cietais \u0161\u016bpu\u013cu r\u0101mis. Pateicoties b\u0113\u0161ajam p\u0101rvalkam, spilvens lieliski ieder\u0113sies d\u0101rza iek\u0101rtojum\u0101.<\/p>\n<p data-start=\"291\" data-end=\"315\"><strong data-start=\"291\" data-end=\"315\">Tehniskie parametri:<\/strong><\/p>\n<p data-start=\"317\" data-end=\"496\">Materi\u0101ls: kokvilna 65%, poliesters 35%<br data-start=\"356\" data-end=\"359\" \/>Kr\u0101sa: ekr\u016b<br data-start=\"370\" data-end=\"373\" \/>Spilvena izm\u0113ri (garums x platums x atzveltnes augstums): 64 cm x 56 cm x 66 cm<br data-start=\"452\" data-end=\"455\" \/>Iepakojuma izm\u0113ri: 66 cm x 45 cm x 6 cm<\/p>\n<p data-start=\"498\" data-end=\"574\">Spilvena materi\u0101li nodro\u0161ina izcilu iztur\u012bbu, kas garant\u0113 ilgsto\u0161u komfortu.<\/p>\n<p data-start=\"576\" data-end=\"615\" data-is-last-node=\"\" data-is-only-node=\"\">Produkts ir iepakots pl\u0113ves iepakojum\u0101.<\/p>\n","protected":false},"excerpt":{"rendered":"<p>Lielais, m\u012bkstais spilvens \u0161\u016bpu\u013ckr\u0113slam ir ide\u0101ls papildin\u0101jums j\u016bsu \u0161\u016bpol\u0113m. Spilvens nodro\u0161ina maksim\u0101lu komfortu. Turkl\u0101t pagarin\u0101jumi aug\u0161stilbiem un galvai nov\u0113r\u0161 diskomfortu, ko rada cietais \u0161\u016bpu\u013cu r\u0101mis. Pateicoties b\u0113\u0161ajam p\u0101rvalkam, spilvens lieliski ieder\u0113sies d\u0101rza iek\u0101rtojum\u0101. Tehniskie parametri: Materi\u0101ls: kokvilna 65%, poliesters 35%Kr\u0101sa: ekr\u016bSpilvena izm\u0113ri (garums x platums x atzveltnes augstums): 64 cm x 56 cm x 66&#8230;<\/p>\n","protected":false},"featured_media":267323,"comment_status":"open","ping_status":"closed","template":"","meta":{"_kad_blocks_custom_css":"","_kad_blocks_head_custom_js":"","_kad_blocks_body_custom_js":"","_kad_blocks_footer_custom_js":"","_kadence_starter_templates_imported_post":false,"_kad_post_transparent":"default","_kad_post_title":"","_kad_post_layout":"default","_kad_post_sidebar_id":"","_kad_post_content_style":"default","_kad_post_vertical_padding":"default","_kad_post_feature":"","_kad_post_feature_position":"","_kad_post_header":false,"_kad_post_footer":false,"_kad_post_classname":""},"product_brand":[],"product_cat":[635,642],"product_tag":[],"class_list":{"0":"post-267322","1":"product","2":"type-product","3":"status-publish","4":"has-post-thumbnail","6":"product_cat-atputai-majas-un-darza","7":"product_cat-darza-supoles-un-supultikli","9":"first","10":"instock","11":"taxable","12":"shipping-taxable","13":"purchasable","14":"product-type-simple","15":"entry","16":"content-bg","17":"loop-entry"},"taxonomy_info":{"product_cat":[{"value":635,"label":"Atp\u016btai m\u0101j\u0101s un d\u0101rz\u0101"},{"value":642,"label":"D\u0101rza \u0161\u016bpoles un \u0161\u016bpu\u013ct\u012bkli"}]},"featured_image_src_large":["https:\/\/smartstore.lv\/wp-content\/uploads\/2026\/03\/spilvens-melns.jpeg",667,1000,false],"author_info":[],"comment_info":0,"_links":{"self":[{"href":"https:\/\/smartstore.lv\/ru\/wp-json\/wp\/v2\/product\/267322","targetHints":{"allow":["GET"]}}],"collection":[{"href":"https:\/\/smartstore.lv\/ru\/wp-json\/wp\/v2\/product"}],"about":[{"href":"https:\/\/smartstore.lv\/ru\/wp-json\/wp\/v2\/types\/product"}],"replies":[{"embeddable":true,"href":"https:\/\/smartstore.lv\/ru\/wp-json\/wp\/v2\/comments?post=267322"}],"wp:featuredmedia":[{"embeddable":true,"href":"https:\/\/smartstore.lv\/ru\/wp-json\/wp\/v2\/media\/267323"}],"wp:attachment":[{"href":"https:\/\/smartstore.lv\/ru\/wp-json\/wp\/v2\/media?parent=267322"}],"wp:term":[{"taxonomy":"product_brand","embeddable":true,"href":"https:\/\/smartstore.lv\/ru\/wp-json\/wp\/v2\/product_brand?post=267322"},{"taxonomy":"product_cat","embeddable":true,"href":"https:\/\/smartstore.lv\/ru\/wp-json\/wp\/v2\/product_cat?post=267322"},{"taxonomy":"product_tag","embeddable":true,"href":"https:\/\/smartstore.lv\/ru\/wp-json\/wp\/v2\/product_tag?post=267322"}],"curies":[{"name":"wp","href":"https:\/\/api.w.org\/{rel}","templated":true}]}}