{"id":335079,"date":"2026-04-10T05:08:33","date_gmt":"2026-04-10T02:08:33","guid":{"rendered":"https:\/\/smartstore.lv\/product\/4-antracita-krasas-komodo-plastmasas-saliekamo-edinasanas-kreslu-komplekts\/"},"modified":"2026-04-10T06:06:03","modified_gmt":"2026-04-10T03:06:03","slug":"4-antracita-krasas-komodo-plastmasas-saliekamo-edinasanas-kreslu-komplekts","status":"publish","type":"product","link":"https:\/\/smartstore.lv\/en\/product\/4-antracita-krasas-komodo-plastmasas-saliekamo-edinasanas-kreslu-komplekts\/","title":{"rendered":"4 ANTRAC\u012aTA KR\u0100SAS KOMODO PLASTMASAS SALIEKAMO \u0112DIN\u0100\u0160ANAS KR\u0112SLU KOMPLEKTS"},"content":{"rendered":"<p><strong>Vai pl\u0101nojat pas\u0101kumu, uz\u0146\u0113muma san\u0101ksmi vai \u0123imenes ball\u012bti br\u012bv\u0101 dab\u0101? 4 PLASTIKAS COMODO ANTRACITE PLASTIC ANTRACITE SALOKAMO S\u0112DEK\u013bU KOMPLEKTS ir ide\u0101ls risin\u0101jums, kas apvieno funkcionalit\u0101ti, komfortu un modernu dizainu!<\/strong><\/p>\n<ul><\/p>\n<li>Komplekt\u0101 ietilpst 4 gab.<\/li>\n<p><\/p>\n<li>maksim\u0101l\u0101 kravnes\u012bba 120 kg<\/li>\n<p><\/p>\n<li>izgatavots no iztur\u012bgas plastmasas<\/li>\n<p><\/p>\n<li>katram kr\u0113slam ir rokturis, lai saloc\u012btu kr\u0113slu var\u0113tu viegli p\u0101rn\u0113s\u0101t.<\/li>\n<p><\/p>\n<li>ergonomiskas formas un labi izstr\u0101d\u0101ts dizains<\/li>\n<p><\/p>\n<li>viegls un kompakts<\/li>\n<p><\/p>\n<li>univers\u0101l\u0101 kr\u0101s\u0101<\/li>\n<p><\/p>\n<li>viegli t\u012br\u0101ms<\/li>\n<p><\/ul>\n<p><\/p>\n<p><b>4 PLASTIKAS COMODO ANTRACITE PLASTIC ANTRACITE saliekamo \u0113din\u0101\u0161anas kr\u0113slu komplekts ir praktisks, stil\u012bgs un daudzpus\u012bgs risin\u0101jums visiem, kam nepiecie\u0161amas papildu s\u0113dvietas da\u017e\u0101diem pas\u0101kumiem gan telp\u0101s, gan \u0101rpus t\u0101m.<\/b><\/p>\n<p><\/p>\n<p><b>SALOK\u0100MS<\/b><\/p>\n<p><\/p>\n<p>Pateicoties to salok\u0101majam dizainam, tie aiz\u0146em maz vietas un vienm\u0113r ir gatavi izv\u0113r\u0161anai, ietaupot daudz vietas, kad tos neizmantojat.<\/p>\n<p><\/p>\n<p><b>UNIVERS\u0100LS<\/b><\/p>\n<p><\/p>\n<p>Kr\u0113sli b\u016bs ide\u0101li piem\u0113roti dzim\u0161anas dienas svin\u012bb\u0101m, savies\u012bgiem pas\u0101kumiem, \u0123imenes svin\u012bb\u0101m, da\u017e\u0101diem pas\u0101kumiem, k\u0101 ar\u012b atp\u016btai uz balkona vai terases.<\/p>\n<p><\/p>\n<p><b>UZTUR\u012aGA<\/b><\/p>\n<p><\/p>\n<p>Kr\u0113sli ir izgatavoti no augstas kvalit\u0101tes plastmasas, kas ir iztur\u012bga pret meh\u0101niskiem boj\u0101jumiem un laikapst\u0101k\u013ciem. T\u0101p\u0113c tie ir iztur\u012bgi un tos var izmantot gan telp\u0101s, gan \u0101r\u0101.<\/p>\n<p><\/p>\n<p><b>KOMFORT\u012aGI<\/b><\/p>\n<p><\/p>\n<p> Ergonomiski veidot\u0101 atzveltne un s\u0113deklis nodro\u0161ina \u0113rtu s\u0113d\u0113\u0161anu pat gar\u0101ku tik\u0161anos laik\u0101. Kr\u0113sla konstrukcija ir stabila un iztur\u012bga, kas garant\u0113 komfortu da\u017e\u0101da auguma cilv\u0113kiem.<\/p>\n<p><\/p>\n<p><b>VIEGLI T\u012aR\u0100MS<\/b><\/p>\n<p><\/p>\n<p>Kr\u0113sli ir izgatavoti no plastmasas, t\u0101p\u0113c tos ir viegli t\u012br\u012bt un kopt, kas ir \u012bpa\u0161i svar\u012bgi lielu san\u0101ksmju vai \u0101ra pas\u0101kumu kontekst\u0101.<\/p>\n<p><b>4 PLASTIKAS COMODO ANTRACITE PLASTIC FOLDING CATERING CHAIRS komplekts ir ide\u0101li piem\u0113rots da\u017e\u0101d\u0101m situ\u0101cij\u0101m &#8211; no \u0123imenes ball\u012bt\u0113m l\u012bdz biznesa san\u0101ksm\u0113m un lieliem \u0101ra pas\u0101kumiem. Pateicoties to daudzpus\u012bbai, est\u0113tikai un praktiskumam, tie ir piem\u0113roti ikvienam, kam nepiecie\u0161ami uzticami un stil\u012bgi kr\u0113sli visa veida pas\u0101kumiem!<\/b><\/p>\n<p><strong>Parametri:<\/strong><\/p>\n<ul><\/p>\n<li>Kr\u0113slu izm\u0113ri:: 41 x 46 x 78 cm (platums x dzi\u013cums x augstums).<\/li>\n<p><\/p>\n<li>Saloc\u012bta kr\u0113sla izm\u0113ri apm: 41 x 8 x 89,5 cm ( platums x dzi\u013cums x augstums)<\/li>\n<p><\/p>\n<li>Materi\u0101li: PP<\/li>\n<p><\/p>\n<li>Kr\u0101sa: antrac\u012bta<\/li>\n<p> <\/p>\n<li>Maksim\u0101l\u0101 slodze: Maksim\u0101lais svars: 120 kg<\/li>\n<p><\/p>\n<li>Kr\u0113sla svars apm: 3 kg<\/li>\n<p><\/p>\n<li>Komplekta neto svars: Svars: 11,5 kg<\/li>\n<p><\/p>\n<li>Bruto svars: 12 kg<\/li>\n<p><\/p>\n<li>Iepakojuma izm\u0113ri (kartona kaste): 43 x 34 x 90 cm (platums x dzi\u013cums x augstums).<\/li>\n<p><\/p>\n<li>Komplekt\u0101 ietilpst: Komplekt\u0101 ietilpst: 4 kr\u0113sli<\/li>\n<p><\/p>\n<li>Z\u012bmols: ProGarden<\/li>\n<p><\/ul>\n<p><\/p>\n<p><b>ProGarden<\/b> ir d\u0101rza piederumu un rot\u0101jumu ra\u017eot\u0101js. Tas pied\u0101v\u0101 pla\u0161u d\u0101rza fig\u016bru, d\u0101rza r\u016b\u0137u, saules lampu, termosu, \u0161\u016bpu\u013ct\u012bklu, Braz\u012blijas kr\u0113slu un d\u0101rza lietussargu kl\u0101stu. Uz\u0146\u0113muma ra\u017eojumi izce\u013cas ar kvalitat\u012bvu apstr\u0101di un uzman\u012bbu deta\u013c\u0101m. Tie ir ori\u0123in\u0101ls un praktisks d\u0101rza, terases vai balkona rot\u0101jums un garant\u0113 veiksm\u012bgu atp\u016btu \u0101r\u0101 m\u0101j\u0101s.<\/p>\n","protected":false},"excerpt":{"rendered":"<p>Vai pl\u0101nojat pas\u0101kumu, uz\u0146\u0113muma san\u0101ksmi vai \u0123imenes ball\u012bti br\u012bv\u0101 dab\u0101? 4 PLASTIKAS COMODO ANTRACITE PLASTIC ANTRACITE SALOKAMO S\u0112DEK\u013bU KOMPLEKTS ir ide\u0101ls risin\u0101jums, kas apvieno funkcionalit\u0101ti, komfortu un modernu dizainu! Komplekt\u0101 ietilpst 4 gab. maksim\u0101l\u0101 kravnes\u012bba 120 kg izgatavots no iztur\u012bgas plastmasas katram kr\u0113slam ir rokturis, lai saloc\u012btu kr\u0113slu var\u0113tu viegli p\u0101rn\u0113s\u0101t. ergonomiskas formas un labi&#8230;<\/p>\n","protected":false},"featured_media":335080,"comment_status":"open","ping_status":"open","template":"","meta":{"_kad_blocks_custom_css":"","_kad_blocks_head_custom_js":"","_kad_blocks_body_custom_js":"","_kad_blocks_footer_custom_js":"","_kadence_starter_templates_imported_post":false,"_kad_post_transparent":"","_kad_post_title":"","_kad_post_layout":"","_kad_post_sidebar_id":"","_kad_post_content_style":"","_kad_post_vertical_padding":"","_kad_post_feature":"","_kad_post_feature_position":"","_kad_post_header":false,"_kad_post_footer":false,"_kad_post_classname":""},"product_brand":[],"product_cat":[511],"product_tag":[],"class_list":{"0":"post-335079","1":"product","2":"type-product","3":"status-publish","4":"has-post-thumbnail","6":"product_cat-darza-mebeles","8":"first","9":"instock","10":"taxable","11":"shipping-taxable","12":"purchasable","13":"product-type-simple","14":"entry","15":"content-bg","16":"loop-entry"},"taxonomy_info":{"product_cat":[{"value":511,"label":"D\u0101rza m\u0113beles"}]},"featured_image_src_large":["https:\/\/smartstore.lv\/wp-content\/uploads\/2026\/04\/export-3257-1024x1024.jpg",1024,1024,true],"author_info":[],"comment_info":0,"_links":{"self":[{"href":"https:\/\/smartstore.lv\/en\/wp-json\/wp\/v2\/product\/335079","targetHints":{"allow":["GET"]}}],"collection":[{"href":"https:\/\/smartstore.lv\/en\/wp-json\/wp\/v2\/product"}],"about":[{"href":"https:\/\/smartstore.lv\/en\/wp-json\/wp\/v2\/types\/product"}],"replies":[{"embeddable":true,"href":"https:\/\/smartstore.lv\/en\/wp-json\/wp\/v2\/comments?post=335079"}],"wp:featuredmedia":[{"embeddable":true,"href":"https:\/\/smartstore.lv\/en\/wp-json\/wp\/v2\/media\/335080"}],"wp:attachment":[{"href":"https:\/\/smartstore.lv\/en\/wp-json\/wp\/v2\/media?parent=335079"}],"wp:term":[{"taxonomy":"product_brand","embeddable":true,"href":"https:\/\/smartstore.lv\/en\/wp-json\/wp\/v2\/product_brand?post=335079"},{"taxonomy":"product_cat","embeddable":true,"href":"https:\/\/smartstore.lv\/en\/wp-json\/wp\/v2\/product_cat?post=335079"},{"taxonomy":"product_tag","embeddable":true,"href":"https:\/\/smartstore.lv\/en\/wp-json\/wp\/v2\/product_tag?post=335079"}],"curies":[{"name":"wp","href":"https:\/\/api.w.org\/{rel}","templated":true}]}}