{"id":331691,"date":"2026-04-04T07:36:59","date_gmt":"2026-04-04T04:36:59","guid":{"rendered":"https:\/\/smartstore.lv\/product\/zaslona-almira-bezowa-z-materialu-z-efektem-lnu-140x250-cm-773570-2\/"},"modified":"2026-04-10T10:55:14","modified_gmt":"2026-04-10T07:55:14","slug":"zaslona-almira-bezowa-z-materialu-z-efektem-lnu-140x250-cm-773570-2","status":"publish","type":"product","link":"https:\/\/smartstore.lv\/en\/product\/zaslona-almira-bezowa-z-materialu-z-efektem-lnu-140x250-cm-773570-2\/","title":{"rendered":"Zas\u0142ona | ALMIRA | be\u017cowa z materia\u0142u z efektem lnu | 140&#215;250 cm | 773570"},"content":{"rendered":"<ul>\n<li>With practical dimensions of 140&#215;250 cm suitable for standard windows<\/li>\n<li>Linen-effect fabric gives the interior a natural, light character<\/li>\n<li>Beige color brightens the space and promotes a calm atmosphere<\/li>\n<li>Smooth form blends well with various design styles<\/li>\n<\/ul>\n<h2>ALMIRA beige fabric curtain with linen effect 140&#215;250 cm<\/h2>\n<p>Your interior can gain more light and tranquility with well-chosen textiles. <strong>ALMIRA curtain<\/strong> in the shade of beige brings subtle elegance and natural lightness to the room. The fabric, inspired by the look of linen, creates a soft, pleasant background that promotes relaxation and makes the space more harmonious.<\/p>\n<h2>What kind of arrangements does the ALMIRA curtain with linen effect go with?<\/h2>\n<p><strong>ALMIRA curtain<\/strong> goes well with natural, minimalist and modern style interiors. It can also be an excellent complement to boho, rustic and classic arrangements.<\/p>\n<h2>Why is it worth choosing ALMIRA curtain?<\/h2>\n<ul>\n<li><strong>Universal <\/strong> &#8211; it will work perfectly in the living room, bedroom and even in the office<\/li>\n<li><strong>Linen-effect material<\/strong> &#8211; gives the interior a natural and cozy character<\/li>\n<li><strong>Classic color<\/strong> &#8211; you can easily match it with various accessories and arrangements<\/li>\n<li>Everyday<strong>convenience<\/strong> &#8211; it subtly decorates and gently filters light, providing comfortable conditions during the day<\/li>\n<\/ul>\n<h2>Material<\/h2>\n<p><strong>ALMIRA beige curtain with linen effect 140&#215;250 cm<\/strong> is made of polyester. The material has a linen-inspired structure, so it combines a natural look with the convenience of everyday use. It is durable, pleasant to the touch and ideal for everyday use.<\/p>\n<h2>Care instructions<\/h2>\n<p>Wash at a maximum temperature of 30\u00b0C. Do not iron. Do not tumble dry. Allow to dry naturally.<\/p>\n<p>&#8212;<\/p>\n","protected":false},"excerpt":{"rendered":"<p>With practical dimensions of 140&#215;250 cm suitable for standard windows Linen-effect fabric gives the interior a natural, light character Beige color brightens the space and promotes a calm atmosphere Smooth form blends well with various design styles ALMIRA beige fabric curtain with linen effect 140&#215;250 cm Your interior can gain more light and tranquility with&#8230;<\/p>\n","protected":false},"featured_media":331678,"comment_status":"closed","ping_status":"open","template":"","meta":{"_kad_blocks_custom_css":"","_kad_blocks_head_custom_js":"","_kad_blocks_body_custom_js":"","_kad_blocks_footer_custom_js":"","_kadence_starter_templates_imported_post":false,"_kad_post_transparent":"","_kad_post_title":"","_kad_post_layout":"","_kad_post_sidebar_id":"","_kad_post_content_style":"","_kad_post_vertical_padding":"","_kad_post_feature":"","_kad_post_feature_position":"","_kad_post_header":false,"_kad_post_footer":false,"_kad_post_classname":""},"product_brand":[],"product_cat":[587],"product_tag":[],"class_list":{"0":"post-331691","1":"product","2":"type-product","3":"status-publish","4":"has-post-thumbnail","6":"product_cat-mattresses","8":"first","9":"instock","10":"taxable","11":"shipping-taxable","12":"purchasable","13":"product-type-simple","14":"entry","15":"content-bg","16":"loop-entry"},"taxonomy_info":{"product_cat":[{"value":587,"label":"Mattresses"}]},"featured_image_src_large":["https:\/\/smartstore.lv\/wp-content\/uploads\/2026\/04\/5906496773570_1-1024x1024.jpg",1024,1024,true],"author_info":[],"comment_info":0,"_links":{"self":[{"href":"https:\/\/smartstore.lv\/en\/wp-json\/wp\/v2\/product\/331691","targetHints":{"allow":["GET"]}}],"collection":[{"href":"https:\/\/smartstore.lv\/en\/wp-json\/wp\/v2\/product"}],"about":[{"href":"https:\/\/smartstore.lv\/en\/wp-json\/wp\/v2\/types\/product"}],"replies":[{"embeddable":true,"href":"https:\/\/smartstore.lv\/en\/wp-json\/wp\/v2\/comments?post=331691"}],"wp:featuredmedia":[{"embeddable":true,"href":"https:\/\/smartstore.lv\/en\/wp-json\/wp\/v2\/media\/331678"}],"wp:attachment":[{"href":"https:\/\/smartstore.lv\/en\/wp-json\/wp\/v2\/media?parent=331691"}],"wp:term":[{"taxonomy":"product_brand","embeddable":true,"href":"https:\/\/smartstore.lv\/en\/wp-json\/wp\/v2\/product_brand?post=331691"},{"taxonomy":"product_cat","embeddable":true,"href":"https:\/\/smartstore.lv\/en\/wp-json\/wp\/v2\/product_cat?post=331691"},{"taxonomy":"product_tag","embeddable":true,"href":"https:\/\/smartstore.lv\/en\/wp-json\/wp\/v2\/product_tag?post=331691"}],"curies":[{"name":"wp","href":"https:\/\/api.w.org\/{rel}","templated":true}]}}