{"id":331634,"date":"2026-04-04T07:36:34","date_gmt":"2026-04-04T04:36:34","guid":{"rendered":"https:\/\/smartstore.lv\/product\/patera-affi-biala-z-granatowa-nozka-24x9-cm-774669-3\/"},"modified":"2026-04-10T10:54:19","modified_gmt":"2026-04-10T07:54:19","slug":"patera-affi-biala-z-granatowa-nozka-24x9-cm-774669-3","status":"publish","type":"product","link":"https:\/\/smartstore.lv\/en\/product\/patera-affi-biala-z-granatowa-nozka-24x9-cm-774669-3\/","title":{"rendered":"Patera | AFFI | bia\u0142a z granatow\u0105 n\u00f3\u017ck\u0105 | 24&#215;9 cm | 774669"},"content":{"rendered":"<ul>\n<li>The compact 24 cm diameter will work well on smaller tables and countertops<\/li>\n<li>Contrasting combination of white and navy blue catches the eye and emphasizes the modern style<\/li>\n<li>Elevated form impressively exposes served baked goods and snacks<\/li>\n<li>Stable leg ensures safe use while serving<\/li>\n<\/ul>\n<h2>AFFI platter white with navy blue leg 24&#215;9 cm<\/h2>\n<p>There are some items that instantly change the way even the simplest desserts are served. <strong>The AFFI cake platter<\/strong> attracts attention with its contrasting color combination and minimalist form. Thanks to the elevation, your baked goods, fruits or snacks look distinct, and the table acquires an elegant character.<\/p>\n<h2>Where will the AFFI platter prove its worth?<\/h2>\n<p>Place it on the table during gatherings with loved ones to serve cakes, fruits or small snacks in an elegant way. It also looks great on a tabletop or console, where it can serve a decorative function and at the same time always be ready to use. It&#8217;s a piece that you can easily adapt to everyday moments and more special occasions.<\/p>\n<h2>Why choose the AFFI platter?<\/h2>\n<ul>\n<li><strong>Versatility<\/strong> &#8211; ideal for serving baked goods, sweets, as well as fruits and snacks<\/li>\n<li><strong>Impressive serving<\/strong> &#8211; enhances the aesthetics of any setting<\/li>\n<li><strong>Convenient form<\/strong> &#8211; the raised leg makes it easy to arrange the table<\/li>\n<li><strong>Practical gift<\/strong> &#8211; useful and decorative piece of equipment<\/li>\n<\/ul>\n<h2>Material<\/h2>\n<p><strong>AFFI white platter with navy blue leg 24&#215;9 cm<\/strong> is made of durable, high quality stoneware, which performs well in daily use and is easy to clean.<\/p>\n<h2>Care<\/h2>\n<p>Wash in the dishwasher or by hand using mild detergents. Do not use in the microwave.<\/p>\n<p>Product designed for food contact. Dishwasher: YES, microwave: NO<\/p>\n","protected":false},"excerpt":{"rendered":"<p>The compact 24 cm diameter will work well on smaller tables and countertops Contrasting combination of white and navy blue catches the eye and emphasizes the modern style Elevated form impressively exposes served baked goods and snacks Stable leg ensures safe use while serving AFFI platter white with navy blue leg 24&#215;9 cm There are&#8230;<\/p>\n","protected":false},"featured_media":331624,"comment_status":"closed","ping_status":"open","template":"","meta":{"_kad_blocks_custom_css":"","_kad_blocks_head_custom_js":"","_kad_blocks_body_custom_js":"","_kad_blocks_footer_custom_js":"","_kadence_starter_templates_imported_post":false,"_kad_post_transparent":"","_kad_post_title":"","_kad_post_layout":"","_kad_post_sidebar_id":"","_kad_post_content_style":"","_kad_post_vertical_padding":"","_kad_post_feature":"","_kad_post_feature_position":"","_kad_post_header":false,"_kad_post_footer":false,"_kad_post_classname":""},"product_brand":[],"product_cat":[587],"product_tag":[],"class_list":{"0":"post-331634","1":"product","2":"type-product","3":"status-publish","4":"has-post-thumbnail","6":"product_cat-mattresses","8":"first","9":"instock","10":"taxable","11":"shipping-taxable","12":"purchasable","13":"product-type-simple","14":"entry","15":"content-bg","16":"loop-entry"},"taxonomy_info":{"product_cat":[{"value":587,"label":"Mattresses"}]},"featured_image_src_large":["https:\/\/smartstore.lv\/wp-content\/uploads\/2026\/04\/5906496774669_1-1024x1024.jpg",1024,1024,true],"author_info":[],"comment_info":0,"_links":{"self":[{"href":"https:\/\/smartstore.lv\/en\/wp-json\/wp\/v2\/product\/331634","targetHints":{"allow":["GET"]}}],"collection":[{"href":"https:\/\/smartstore.lv\/en\/wp-json\/wp\/v2\/product"}],"about":[{"href":"https:\/\/smartstore.lv\/en\/wp-json\/wp\/v2\/types\/product"}],"replies":[{"embeddable":true,"href":"https:\/\/smartstore.lv\/en\/wp-json\/wp\/v2\/comments?post=331634"}],"wp:featuredmedia":[{"embeddable":true,"href":"https:\/\/smartstore.lv\/en\/wp-json\/wp\/v2\/media\/331624"}],"wp:attachment":[{"href":"https:\/\/smartstore.lv\/en\/wp-json\/wp\/v2\/media?parent=331634"}],"wp:term":[{"taxonomy":"product_brand","embeddable":true,"href":"https:\/\/smartstore.lv\/en\/wp-json\/wp\/v2\/product_brand?post=331634"},{"taxonomy":"product_cat","embeddable":true,"href":"https:\/\/smartstore.lv\/en\/wp-json\/wp\/v2\/product_cat?post=331634"},{"taxonomy":"product_tag","embeddable":true,"href":"https:\/\/smartstore.lv\/en\/wp-json\/wp\/v2\/product_tag?post=331634"}],"curies":[{"name":"wp","href":"https:\/\/api.w.org\/{rel}","templated":true}]}}