{"id":331580,"date":"2026-04-04T07:00:03","date_gmt":"2026-04-04T04:00:03","guid":{"rendered":"https:\/\/smartstore.lv\/product\/posciel-taleia-bawelniana-w-niebieski-wzor-220x200-270x80-cm-768538-2\/"},"modified":"2026-04-12T14:07:06","modified_gmt":"2026-04-12T11:07:06","slug":"posciel-taleia-bawelniana-w-niebieski-wzor-220x200-270x80-cm-768538-2","status":"publish","type":"product","link":"https:\/\/smartstore.lv\/en\/product\/posciel-taleia-bawelniana-w-niebieski-wzor-220x200-270x80-cm-768538-2\/","title":{"rendered":"Po\u015bciel | TALEIA | bawe\u0142niana w niebieski wz\u00f3r | 220&#215;200 + 2*70&#215;80 cm | 768538"},"content":{"rendered":"<p>TALEIA cotton bedding in blue pattern 220&#215;200 + 2*70&#215;80 cm &#8211;.<\/p>\n","protected":false},"excerpt":{"rendered":"<p>TALEIA cotton bedding in blue pattern 220&#215;200 + 2*70&#215;80 cm &#8211;.<\/p>\n","protected":false},"featured_media":331561,"comment_status":"closed","ping_status":"open","template":"","meta":{"_kad_blocks_custom_css":"","_kad_blocks_head_custom_js":"","_kad_blocks_body_custom_js":"","_kad_blocks_footer_custom_js":"","_kadence_starter_templates_imported_post":false,"_kad_post_transparent":"","_kad_post_title":"","_kad_post_layout":"","_kad_post_sidebar_id":"","_kad_post_content_style":"","_kad_post_vertical_padding":"","_kad_post_feature":"","_kad_post_feature_position":"","_kad_post_header":false,"_kad_post_footer":false,"_kad_post_classname":""},"product_brand":[],"product_cat":[905,587],"product_tag":[],"class_list":{"0":"post-331580","1":"product","2":"type-product","3":"status-publish","4":"has-post-thumbnail","6":"product_cat-bedroom","7":"product_cat-mattresses","9":"first","10":"instock","11":"taxable","12":"shipping-taxable","13":"purchasable","14":"product-type-simple","15":"entry","16":"content-bg","17":"loop-entry"},"taxonomy_info":{"product_cat":[{"value":905,"label":"Bedroom"},{"value":587,"label":"Mattresses"}]},"featured_image_src_large":["https:\/\/smartstore.lv\/wp-content\/uploads\/2026\/04\/purein___F494C255-3D92-E53E-8D42-94566775E846-770x1024.jpeg",770,1024,true],"author_info":[],"comment_info":0,"_links":{"self":[{"href":"https:\/\/smartstore.lv\/en\/wp-json\/wp\/v2\/product\/331580","targetHints":{"allow":["GET"]}}],"collection":[{"href":"https:\/\/smartstore.lv\/en\/wp-json\/wp\/v2\/product"}],"about":[{"href":"https:\/\/smartstore.lv\/en\/wp-json\/wp\/v2\/types\/product"}],"replies":[{"embeddable":true,"href":"https:\/\/smartstore.lv\/en\/wp-json\/wp\/v2\/comments?post=331580"}],"wp:featuredmedia":[{"embeddable":true,"href":"https:\/\/smartstore.lv\/en\/wp-json\/wp\/v2\/media\/331561"}],"wp:attachment":[{"href":"https:\/\/smartstore.lv\/en\/wp-json\/wp\/v2\/media?parent=331580"}],"wp:term":[{"taxonomy":"product_brand","embeddable":true,"href":"https:\/\/smartstore.lv\/en\/wp-json\/wp\/v2\/product_brand?post=331580"},{"taxonomy":"product_cat","embeddable":true,"href":"https:\/\/smartstore.lv\/en\/wp-json\/wp\/v2\/product_cat?post=331580"},{"taxonomy":"product_tag","embeddable":true,"href":"https:\/\/smartstore.lv\/en\/wp-json\/wp\/v2\/product_tag?post=331580"}],"curies":[{"name":"wp","href":"https:\/\/api.w.org\/{rel}","templated":true}]}}